{"id":7079,"date":"2024-02-11T20:33:15","date_gmt":"2024-02-11T20:33:15","guid":{"rendered":"https:\/\/tinte-toneri.hr\/?post_type=product&#038;p=7079"},"modified":"2024-09-23T06:47:15","modified_gmt":"2024-09-23T06:47:15","slug":"ajax-sredstvo-za-ciscenje-poda-1l","status":"publish","type":"product","link":"https:\/\/tinte-toneri.hr\/en\/shop\/uncategorized\/ajax-sredstvo-za-ciscenje-poda-1l\/","title":{"rendered":"AJAX &#8211; SREDSTVO ZA \u010cI\u0160\u0106ENJE PODA 1l"},"content":{"rendered":"<p>Otkrijte Ajax Fete des Fleurs-za \u010disto\u0107u s prirodnom svje\u017einom koja traje i drugi dan. 24h + prirodna svje\u017eina: do\u017eivite primamljiv miris s prirodnim ekstraktima za 24 satno prirodno osvje\u017eenje. Blje\u0161tavo \u010disto: dubinski \u010disti i ostavlja va\u0161e povr\u0161ine blistavo \u010distima. Bez ispiranja; pH neutralan, pogodan za kori\u0161tenje na osjetljivim povr\u0161inama (mramor, keramika&#8230;) razrije\u0111eno: velike povr\u0161ine, nerazrije\u0111eno: tvrdokorne mrlje.<\/p>\n<p>&nbsp;<\/p>","protected":false},"excerpt":{"rendered":"<p>Otkrijte Ajax Fete des Fleurs-za \u010disto\u0107u s prirodnom svje\u017einom koja traje i drugi dan. 24h + prirodna svje\u017eina: do\u017eivite primamljiv miris s prirodnim ekstraktima za 24 satno prirodno osvje\u017eenje. Blje\u0161tavo \u010disto: dubinski \u010disti i ostavlja va\u0161e povr\u0161ine blistavo \u010distima. Bez ispiranja; pH neutralan, pogodan za kori\u0161tenje na osjetljivim povr\u0161inama (mramor, keramika&#8230;) razrije\u0111eno: velike povr\u0161ine, nerazrije\u0111eno: [&hellip;]<\/p>\n","protected":false},"featured_media":7029,"comment_status":"open","ping_status":"closed","template":"","meta":{"om_disable_all_campaigns":false,"_monsterinsights_skip_tracking":false,"_monsterinsights_sitenote_active":false,"_monsterinsights_sitenote_note":"","_monsterinsights_sitenote_category":0,"_uf_show_specific_survey":0,"_uf_disable_surveys":false},"product_brand":[],"product_cat":[15],"product_tag":[],"class_list":{"0":"post-7079","1":"product","2":"type-product","3":"status-publish","4":"has-post-thumbnail","6":"product_cat-uncategorized","8":"first","9":"instock","10":"taxable","11":"shipping-taxable","12":"purchasable","13":"product-type-simple"},"aioseo_notices":[],"yoast_head":"<!-- This site is optimized with the Yoast SEO plugin v27.4 - https:\/\/yoast.com\/product\/yoast-seo-wordpress\/ -->\n<title>AJAX - SREDSTVO ZA \u010cI\u0160\u0106ENJE PODA 1l - TNT<\/title>\n<meta name=\"robots\" content=\"index, follow, max-snippet:-1, max-image-preview:large, max-video-preview:-1\" \/>\n<link rel=\"canonical\" href=\"https:\/\/tinte-toneri.hr\/en\/shop\/uncategorized\/ajax-sredstvo-za-ciscenje-poda-1l\/\" \/>\n<meta property=\"og:locale\" content=\"en_US\" \/>\n<meta property=\"og:type\" content=\"article\" \/>\n<meta property=\"og:title\" content=\"AJAX - SREDSTVO ZA \u010cI\u0160\u0106ENJE PODA 1l - TNT\" \/>\n<meta property=\"og:description\" content=\"Otkrijte Ajax Fete des Fleurs-za \u010disto\u0107u s prirodnom svje\u017einom koja traje i drugi dan. 24h + prirodna svje\u017eina: do\u017eivite primamljiv miris s prirodnim ekstraktima za 24 satno prirodno osvje\u017eenje. Blje\u0161tavo \u010disto: dubinski \u010disti i ostavlja va\u0161e povr\u0161ine blistavo \u010distima. Bez ispiranja; pH neutralan, pogodan za kori\u0161tenje na osjetljivim povr\u0161inama (mramor, keramika&#8230;) razrije\u0111eno: velike povr\u0161ine, nerazrije\u0111eno: [&hellip;]\" \/>\n<meta property=\"og:url\" content=\"https:\/\/tinte-toneri.hr\/en\/shop\/uncategorized\/ajax-sredstvo-za-ciscenje-poda-1l\/\" \/>\n<meta property=\"og:site_name\" content=\"TNT\" \/>\n<meta property=\"article:modified_time\" content=\"2024-09-23T06:47:15+00:00\" \/>\n<meta property=\"og:image\" content=\"https:\/\/tinte-toneri.hr\/wp-content\/uploads\/2024\/02\/ajax-za-pod-1l.jpg\" \/>\n\t<meta property=\"og:image:width\" content=\"400\" \/>\n\t<meta property=\"og:image:height\" content=\"400\" \/>\n\t<meta property=\"og:image:type\" content=\"image\/jpeg\" \/>\n<meta name=\"twitter:card\" content=\"summary_large_image\" \/>\n<meta name=\"twitter:label1\" content=\"Est. reading time\" \/>\n\t<meta name=\"twitter:data1\" content=\"1 minute\" \/>\n<script type=\"application\/ld+json\" class=\"yoast-schema-graph\">{\"@context\":\"https:\\\/\\\/schema.org\",\"@graph\":[{\"@type\":\"WebPage\",\"@id\":\"https:\\\/\\\/tinte-toneri.hr\\\/shop\\\/uncategorized\\\/ajax-sredstvo-za-ciscenje-poda-1l\\\/\",\"url\":\"https:\\\/\\\/tinte-toneri.hr\\\/shop\\\/uncategorized\\\/ajax-sredstvo-za-ciscenje-poda-1l\\\/\",\"name\":\"AJAX - SREDSTVO ZA \u010cI\u0160\u0106ENJE PODA 1l - TNT\",\"isPartOf\":{\"@id\":\"https:\\\/\\\/tinte-toneri.hr\\\/#website\"},\"primaryImageOfPage\":{\"@id\":\"https:\\\/\\\/tinte-toneri.hr\\\/shop\\\/uncategorized\\\/ajax-sredstvo-za-ciscenje-poda-1l\\\/#primaryimage\"},\"image\":{\"@id\":\"https:\\\/\\\/tinte-toneri.hr\\\/shop\\\/uncategorized\\\/ajax-sredstvo-za-ciscenje-poda-1l\\\/#primaryimage\"},\"thumbnailUrl\":\"https:\\\/\\\/tinte-toneri.hr\\\/wp-content\\\/uploads\\\/2024\\\/02\\\/ajax-za-pod-1l.jpg\",\"datePublished\":\"2024-02-11T20:33:15+00:00\",\"dateModified\":\"2024-09-23T06:47:15+00:00\",\"breadcrumb\":{\"@id\":\"https:\\\/\\\/tinte-toneri.hr\\\/shop\\\/uncategorized\\\/ajax-sredstvo-za-ciscenje-poda-1l\\\/#breadcrumb\"},\"inLanguage\":\"en-US\",\"potentialAction\":[{\"@type\":\"ReadAction\",\"target\":[\"https:\\\/\\\/tinte-toneri.hr\\\/shop\\\/uncategorized\\\/ajax-sredstvo-za-ciscenje-poda-1l\\\/\"]}]},{\"@type\":\"ImageObject\",\"inLanguage\":\"en-US\",\"@id\":\"https:\\\/\\\/tinte-toneri.hr\\\/shop\\\/uncategorized\\\/ajax-sredstvo-za-ciscenje-poda-1l\\\/#primaryimage\",\"url\":\"https:\\\/\\\/tinte-toneri.hr\\\/wp-content\\\/uploads\\\/2024\\\/02\\\/ajax-za-pod-1l.jpg\",\"contentUrl\":\"https:\\\/\\\/tinte-toneri.hr\\\/wp-content\\\/uploads\\\/2024\\\/02\\\/ajax-za-pod-1l.jpg\",\"width\":400,\"height\":400},{\"@type\":\"BreadcrumbList\",\"@id\":\"https:\\\/\\\/tinte-toneri.hr\\\/shop\\\/uncategorized\\\/ajax-sredstvo-za-ciscenje-poda-1l\\\/#breadcrumb\",\"itemListElement\":[{\"@type\":\"ListItem\",\"position\":1,\"name\":\"Po\u010detna stranica\",\"item\":\"https:\\\/\\\/tinte-toneri.hr\\\/\"},{\"@type\":\"ListItem\",\"position\":2,\"name\":\"Shop\",\"item\":\"https:\\\/\\\/tinte-toneri.hr\\\/shop\\\/\"},{\"@type\":\"ListItem\",\"position\":3,\"name\":\"AJAX &#8211; SREDSTVO ZA \u010cI\u0160\u0106ENJE PODA 1l\"}]},{\"@type\":\"WebSite\",\"@id\":\"https:\\\/\\\/tinte-toneri.hr\\\/#website\",\"url\":\"https:\\\/\\\/tinte-toneri.hr\\\/\",\"name\":\"TNT\",\"description\":\"Tinte i toneri\",\"publisher\":{\"@id\":\"https:\\\/\\\/tinte-toneri.hr\\\/#organization\"},\"potentialAction\":[{\"@type\":\"SearchAction\",\"target\":{\"@type\":\"EntryPoint\",\"urlTemplate\":\"https:\\\/\\\/tinte-toneri.hr\\\/?s={search_term_string}\"},\"query-input\":{\"@type\":\"PropertyValueSpecification\",\"valueRequired\":true,\"valueName\":\"search_term_string\"}}],\"inLanguage\":\"en-US\"},{\"@type\":\"Organization\",\"@id\":\"https:\\\/\\\/tinte-toneri.hr\\\/#organization\",\"name\":\"TNT Global\",\"url\":\"https:\\\/\\\/tinte-toneri.hr\\\/\",\"logo\":{\"@type\":\"ImageObject\",\"inLanguage\":\"en-US\",\"@id\":\"https:\\\/\\\/tinte-toneri.hr\\\/#\\\/schema\\\/logo\\\/image\\\/\",\"url\":\"https:\\\/\\\/tinte-toneri.hr\\\/wp-content\\\/uploads\\\/2023\\\/10\\\/cropped-Logo1-removebg.png\",\"contentUrl\":\"https:\\\/\\\/tinte-toneri.hr\\\/wp-content\\\/uploads\\\/2023\\\/10\\\/cropped-Logo1-removebg.png\",\"width\":2124,\"height\":2129,\"caption\":\"TNT Global\"},\"image\":{\"@id\":\"https:\\\/\\\/tinte-toneri.hr\\\/#\\\/schema\\\/logo\\\/image\\\/\"}}]}<\/script>\n<!-- \/ Yoast SEO plugin. -->","yoast_head_json":{"title":"AJAX - SREDSTVO ZA \u010cI\u0160\u0106ENJE PODA 1l - TNT","robots":{"index":"index","follow":"follow","max-snippet":"max-snippet:-1","max-image-preview":"max-image-preview:large","max-video-preview":"max-video-preview:-1"},"canonical":"https:\/\/tinte-toneri.hr\/en\/shop\/uncategorized\/ajax-sredstvo-za-ciscenje-poda-1l\/","og_locale":"en_US","og_type":"article","og_title":"AJAX - SREDSTVO ZA \u010cI\u0160\u0106ENJE PODA 1l - TNT","og_description":"Otkrijte Ajax Fete des Fleurs-za \u010disto\u0107u s prirodnom svje\u017einom koja traje i drugi dan. 24h + prirodna svje\u017eina: do\u017eivite primamljiv miris s prirodnim ekstraktima za 24 satno prirodno osvje\u017eenje. Blje\u0161tavo \u010disto: dubinski \u010disti i ostavlja va\u0161e povr\u0161ine blistavo \u010distima. Bez ispiranja; pH neutralan, pogodan za kori\u0161tenje na osjetljivim povr\u0161inama (mramor, keramika&#8230;) razrije\u0111eno: velike povr\u0161ine, nerazrije\u0111eno: [&hellip;]","og_url":"https:\/\/tinte-toneri.hr\/en\/shop\/uncategorized\/ajax-sredstvo-za-ciscenje-poda-1l\/","og_site_name":"TNT","article_modified_time":"2024-09-23T06:47:15+00:00","og_image":[{"width":400,"height":400,"url":"https:\/\/tinte-toneri.hr\/wp-content\/uploads\/2024\/02\/ajax-za-pod-1l.jpg","type":"image\/jpeg"}],"twitter_card":"summary_large_image","twitter_misc":{"Est. reading time":"1 minute"},"schema":{"@context":"https:\/\/schema.org","@graph":[{"@type":"WebPage","@id":"https:\/\/tinte-toneri.hr\/shop\/uncategorized\/ajax-sredstvo-za-ciscenje-poda-1l\/","url":"https:\/\/tinte-toneri.hr\/shop\/uncategorized\/ajax-sredstvo-za-ciscenje-poda-1l\/","name":"AJAX - SREDSTVO ZA \u010cI\u0160\u0106ENJE PODA 1l - TNT","isPartOf":{"@id":"https:\/\/tinte-toneri.hr\/#website"},"primaryImageOfPage":{"@id":"https:\/\/tinte-toneri.hr\/shop\/uncategorized\/ajax-sredstvo-za-ciscenje-poda-1l\/#primaryimage"},"image":{"@id":"https:\/\/tinte-toneri.hr\/shop\/uncategorized\/ajax-sredstvo-za-ciscenje-poda-1l\/#primaryimage"},"thumbnailUrl":"https:\/\/tinte-toneri.hr\/wp-content\/uploads\/2024\/02\/ajax-za-pod-1l.jpg","datePublished":"2024-02-11T20:33:15+00:00","dateModified":"2024-09-23T06:47:15+00:00","breadcrumb":{"@id":"https:\/\/tinte-toneri.hr\/shop\/uncategorized\/ajax-sredstvo-za-ciscenje-poda-1l\/#breadcrumb"},"inLanguage":"en-US","potentialAction":[{"@type":"ReadAction","target":["https:\/\/tinte-toneri.hr\/shop\/uncategorized\/ajax-sredstvo-za-ciscenje-poda-1l\/"]}]},{"@type":"ImageObject","inLanguage":"en-US","@id":"https:\/\/tinte-toneri.hr\/shop\/uncategorized\/ajax-sredstvo-za-ciscenje-poda-1l\/#primaryimage","url":"https:\/\/tinte-toneri.hr\/wp-content\/uploads\/2024\/02\/ajax-za-pod-1l.jpg","contentUrl":"https:\/\/tinte-toneri.hr\/wp-content\/uploads\/2024\/02\/ajax-za-pod-1l.jpg","width":400,"height":400},{"@type":"BreadcrumbList","@id":"https:\/\/tinte-toneri.hr\/shop\/uncategorized\/ajax-sredstvo-za-ciscenje-poda-1l\/#breadcrumb","itemListElement":[{"@type":"ListItem","position":1,"name":"Po\u010detna stranica","item":"https:\/\/tinte-toneri.hr\/"},{"@type":"ListItem","position":2,"name":"Shop","item":"https:\/\/tinte-toneri.hr\/shop\/"},{"@type":"ListItem","position":3,"name":"AJAX &#8211; SREDSTVO ZA \u010cI\u0160\u0106ENJE PODA 1l"}]},{"@type":"WebSite","@id":"https:\/\/tinte-toneri.hr\/#website","url":"https:\/\/tinte-toneri.hr\/","name":"TNT","description":"Tinte i toneri","publisher":{"@id":"https:\/\/tinte-toneri.hr\/#organization"},"potentialAction":[{"@type":"SearchAction","target":{"@type":"EntryPoint","urlTemplate":"https:\/\/tinte-toneri.hr\/?s={search_term_string}"},"query-input":{"@type":"PropertyValueSpecification","valueRequired":true,"valueName":"search_term_string"}}],"inLanguage":"en-US"},{"@type":"Organization","@id":"https:\/\/tinte-toneri.hr\/#organization","name":"TNT Global","url":"https:\/\/tinte-toneri.hr\/","logo":{"@type":"ImageObject","inLanguage":"en-US","@id":"https:\/\/tinte-toneri.hr\/#\/schema\/logo\/image\/","url":"https:\/\/tinte-toneri.hr\/wp-content\/uploads\/2023\/10\/cropped-Logo1-removebg.png","contentUrl":"https:\/\/tinte-toneri.hr\/wp-content\/uploads\/2023\/10\/cropped-Logo1-removebg.png","width":2124,"height":2129,"caption":"TNT Global"},"image":{"@id":"https:\/\/tinte-toneri.hr\/#\/schema\/logo\/image\/"}}]}},"jetpack_sharing_enabled":true,"_links":{"self":[{"href":"https:\/\/tinte-toneri.hr\/en\/wp-json\/wp\/v2\/product\/7079","targetHints":{"allow":["GET"]}}],"collection":[{"href":"https:\/\/tinte-toneri.hr\/en\/wp-json\/wp\/v2\/product"}],"about":[{"href":"https:\/\/tinte-toneri.hr\/en\/wp-json\/wp\/v2\/types\/product"}],"replies":[{"embeddable":true,"href":"https:\/\/tinte-toneri.hr\/en\/wp-json\/wp\/v2\/comments?post=7079"}],"wp:featuredmedia":[{"embeddable":true,"href":"https:\/\/tinte-toneri.hr\/en\/wp-json\/wp\/v2\/media\/7029"}],"wp:attachment":[{"href":"https:\/\/tinte-toneri.hr\/en\/wp-json\/wp\/v2\/media?parent=7079"}],"wp:term":[{"taxonomy":"product_brand","embeddable":true,"href":"https:\/\/tinte-toneri.hr\/en\/wp-json\/wp\/v2\/product_brand?post=7079"},{"taxonomy":"product_cat","embeddable":true,"href":"https:\/\/tinte-toneri.hr\/en\/wp-json\/wp\/v2\/product_cat?post=7079"},{"taxonomy":"product_tag","embeddable":true,"href":"https:\/\/tinte-toneri.hr\/en\/wp-json\/wp\/v2\/product_tag?post=7079"}],"curies":[{"name":"wp","href":"https:\/\/api.w.org\/{rel}","templated":true}]}}