{"id":7264,"date":"2024-11-05T13:40:11","date_gmt":"2024-11-05T13:40:11","guid":{"rendered":"https:\/\/tinte-toneri.hr\/?post_type=product&#038;p=7264"},"modified":"2024-11-05T13:46:48","modified_gmt":"2024-11-05T13:46:48","slug":"printer-brother-mfcb7710dnyj1-a4-laser-mono-p-s-c-f-duplex-adf-lan-usb","status":"publish","type":"product","link":"https:\/\/tinte-toneri.hr\/en\/shop\/uncategorized\/printer-brother-mfcb7710dnyj1-a4-laser-mono-p-s-c-f-duplex-adf-lan-usb\/","title":{"rendered":"Printer BROTHER MFCB7710DNYJ1, A4, laser mono, p\/s\/c\/f, Duplex, ADF, LAN, USB"},"content":{"rendered":"<p>MFC-B7710DN kompaktni crno-bijeli laserski vi\u0161enamjenski ure\u0111aj 4-u-1 TonerBenefit<br \/>\nZa u\u017eurbane ku\u0107ne i male urede koji trebaju funkcionalnost ispisa, kopiranja, skeniranja i faksa. Ispi\u0161ite do 2.000 stranica pomo\u0107u ekskluzivnog vi\u0161enamjenskog ure\u0111aja MFC-B7710DN i jednog samog tonera.<\/p>","protected":false},"excerpt":{"rendered":"<p>MFC-B7710DN kompaktni crno-bijeli laserski vi\u0161enamjenski ure\u0111aj 4-u-1 TonerBenefit Za u\u017eurbane ku\u0107ne i male urede koji trebaju funkcionalnost ispisa, kopiranja, skeniranja i faksa. Ispi\u0161ite do 2.000 stranica pomo\u0107u ekskluzivnog vi\u0161enamjenskog ure\u0111aja MFC-B7710DN i jednog samog tonera.<\/p>","protected":false},"featured_media":7266,"comment_status":"open","ping_status":"closed","template":"","meta":{"om_disable_all_campaigns":false,"_monsterinsights_skip_tracking":false,"_monsterinsights_sitenote_active":false,"_monsterinsights_sitenote_note":"","_monsterinsights_sitenote_category":0,"_uf_show_specific_survey":0,"_uf_disable_surveys":false},"product_brand":[],"product_cat":[15],"product_tag":[],"class_list":{"0":"post-7264","1":"product","2":"type-product","3":"status-publish","4":"has-post-thumbnail","6":"product_cat-uncategorized","8":"first","9":"instock","10":"taxable","11":"shipping-taxable","12":"purchasable","13":"product-type-simple"},"aioseo_notices":[],"yoast_head":"<!-- This site is optimized with the Yoast SEO plugin v27.4 - https:\/\/yoast.com\/product\/yoast-seo-wordpress\/ -->\n<title>Printer BROTHER MFCB7710DNYJ1, A4, laser mono, p\/s\/c\/f, Duplex, ADF, LAN, USB - TNT<\/title>\n<meta name=\"robots\" content=\"index, follow, max-snippet:-1, max-image-preview:large, max-video-preview:-1\" \/>\n<link rel=\"canonical\" href=\"https:\/\/tinte-toneri.hr\/en\/shop\/Bez%20kategorije\/printer-brother-mfcb7710dnyj1-a4-laser-mono-p-s-c-f-duplex-adf-lan-usb\/\" \/>\n<meta property=\"og:locale\" content=\"en_US\" \/>\n<meta property=\"og:type\" content=\"article\" \/>\n<meta property=\"og:title\" content=\"Printer BROTHER MFCB7710DNYJ1, A4, laser mono, p\/s\/c\/f, Duplex, ADF, LAN, USB - TNT\" \/>\n<meta property=\"og:description\" content=\"MFC-B7710DN kompaktni crno-bijeli laserski vi\u0161enamjenski ure\u0111aj 4-u-1 TonerBenefit Za u\u017eurbane ku\u0107ne i male urede koji trebaju funkcionalnost ispisa, kopiranja, skeniranja i faksa. Ispi\u0161ite do 2.000 stranica pomo\u0107u ekskluzivnog vi\u0161enamjenskog ure\u0111aja MFC-B7710DN i jednog samog tonera.\" \/>\n<meta property=\"og:url\" content=\"https:\/\/tinte-toneri.hr\/en\/shop\/Bez kategorije\/printer-brother-mfcb7710dnyj1-a4-laser-mono-p-s-c-f-duplex-adf-lan-usb\/\" \/>\n<meta property=\"og:site_name\" content=\"TNT\" \/>\n<meta property=\"article:modified_time\" content=\"2024-11-05T13:46:48+00:00\" \/>\n<meta property=\"og:image\" content=\"https:\/\/tinte-toneri.hr\/wp-content\/uploads\/2024\/11\/7710dn.jpg\" \/>\n\t<meta property=\"og:image:width\" content=\"400\" \/>\n\t<meta property=\"og:image:height\" content=\"400\" \/>\n\t<meta property=\"og:image:type\" content=\"image\/jpeg\" \/>\n<meta name=\"twitter:card\" content=\"summary_large_image\" \/>\n<script type=\"application\/ld+json\" class=\"yoast-schema-graph\">{\"@context\":\"https:\\\/\\\/schema.org\",\"@graph\":[{\"@type\":\"WebPage\",\"@id\":\"https:\\\/\\\/tinte-toneri.hr\\\/shop\\\/Bez kategorije\\\/printer-brother-mfcb7710dnyj1-a4-laser-mono-p-s-c-f-duplex-adf-lan-usb\\\/\",\"url\":\"https:\\\/\\\/tinte-toneri.hr\\\/shop\\\/Bez kategorije\\\/printer-brother-mfcb7710dnyj1-a4-laser-mono-p-s-c-f-duplex-adf-lan-usb\\\/\",\"name\":\"Printer BROTHER MFCB7710DNYJ1, A4, laser mono, p\\\/s\\\/c\\\/f, Duplex, ADF, LAN, USB - TNT\",\"isPartOf\":{\"@id\":\"https:\\\/\\\/tinte-toneri.hr\\\/#website\"},\"primaryImageOfPage\":{\"@id\":\"https:\\\/\\\/tinte-toneri.hr\\\/shop\\\/Bez kategorije\\\/printer-brother-mfcb7710dnyj1-a4-laser-mono-p-s-c-f-duplex-adf-lan-usb\\\/#primaryimage\"},\"image\":{\"@id\":\"https:\\\/\\\/tinte-toneri.hr\\\/shop\\\/Bez kategorije\\\/printer-brother-mfcb7710dnyj1-a4-laser-mono-p-s-c-f-duplex-adf-lan-usb\\\/#primaryimage\"},\"thumbnailUrl\":\"https:\\\/\\\/tinte-toneri.hr\\\/wp-content\\\/uploads\\\/2024\\\/11\\\/7710dn.jpg\",\"datePublished\":\"2024-11-05T13:40:11+00:00\",\"dateModified\":\"2024-11-05T13:46:48+00:00\",\"breadcrumb\":{\"@id\":\"https:\\\/\\\/tinte-toneri.hr\\\/shop\\\/Bez kategorije\\\/printer-brother-mfcb7710dnyj1-a4-laser-mono-p-s-c-f-duplex-adf-lan-usb\\\/#breadcrumb\"},\"inLanguage\":\"en-US\",\"potentialAction\":[{\"@type\":\"ReadAction\",\"target\":[\"https:\\\/\\\/tinte-toneri.hr\\\/shop\\\/Bez kategorije\\\/printer-brother-mfcb7710dnyj1-a4-laser-mono-p-s-c-f-duplex-adf-lan-usb\\\/\"]}]},{\"@type\":\"ImageObject\",\"inLanguage\":\"en-US\",\"@id\":\"https:\\\/\\\/tinte-toneri.hr\\\/shop\\\/Bez kategorije\\\/printer-brother-mfcb7710dnyj1-a4-laser-mono-p-s-c-f-duplex-adf-lan-usb\\\/#primaryimage\",\"url\":\"https:\\\/\\\/tinte-toneri.hr\\\/wp-content\\\/uploads\\\/2024\\\/11\\\/7710dn.jpg\",\"contentUrl\":\"https:\\\/\\\/tinte-toneri.hr\\\/wp-content\\\/uploads\\\/2024\\\/11\\\/7710dn.jpg\",\"width\":400,\"height\":400},{\"@type\":\"BreadcrumbList\",\"@id\":\"https:\\\/\\\/tinte-toneri.hr\\\/shop\\\/Bez kategorije\\\/printer-brother-mfcb7710dnyj1-a4-laser-mono-p-s-c-f-duplex-adf-lan-usb\\\/#breadcrumb\",\"itemListElement\":[{\"@type\":\"ListItem\",\"position\":1,\"name\":\"Po\u010detna stranica\",\"item\":\"https:\\\/\\\/tinte-toneri.hr\\\/\"},{\"@type\":\"ListItem\",\"position\":2,\"name\":\"Shop\",\"item\":\"https:\\\/\\\/tinte-toneri.hr\\\/shop\\\/\"},{\"@type\":\"ListItem\",\"position\":3,\"name\":\"Printer BROTHER MFCB7710DNYJ1, A4, laser mono, p\\\/s\\\/c\\\/f, Duplex, ADF, LAN, USB\"}]},{\"@type\":\"WebSite\",\"@id\":\"https:\\\/\\\/tinte-toneri.hr\\\/#website\",\"url\":\"https:\\\/\\\/tinte-toneri.hr\\\/\",\"name\":\"TNT\",\"description\":\"Tinte i toneri\",\"publisher\":{\"@id\":\"https:\\\/\\\/tinte-toneri.hr\\\/#organization\"},\"potentialAction\":[{\"@type\":\"SearchAction\",\"target\":{\"@type\":\"EntryPoint\",\"urlTemplate\":\"https:\\\/\\\/tinte-toneri.hr\\\/?s={search_term_string}\"},\"query-input\":{\"@type\":\"PropertyValueSpecification\",\"valueRequired\":true,\"valueName\":\"search_term_string\"}}],\"inLanguage\":\"en-US\"},{\"@type\":\"Organization\",\"@id\":\"https:\\\/\\\/tinte-toneri.hr\\\/#organization\",\"name\":\"TNT Global\",\"url\":\"https:\\\/\\\/tinte-toneri.hr\\\/\",\"logo\":{\"@type\":\"ImageObject\",\"inLanguage\":\"en-US\",\"@id\":\"https:\\\/\\\/tinte-toneri.hr\\\/#\\\/schema\\\/logo\\\/image\\\/\",\"url\":\"https:\\\/\\\/tinte-toneri.hr\\\/wp-content\\\/uploads\\\/2023\\\/10\\\/cropped-Logo1-removebg.png\",\"contentUrl\":\"https:\\\/\\\/tinte-toneri.hr\\\/wp-content\\\/uploads\\\/2023\\\/10\\\/cropped-Logo1-removebg.png\",\"width\":2124,\"height\":2129,\"caption\":\"TNT Global\"},\"image\":{\"@id\":\"https:\\\/\\\/tinte-toneri.hr\\\/#\\\/schema\\\/logo\\\/image\\\/\"}}]}<\/script>\n<!-- \/ Yoast SEO plugin. -->","yoast_head_json":{"title":"Printer BROTHER MFCB7710DNYJ1, A4, laser mono, p\/s\/c\/f, Duplex, ADF, LAN, USB - TNT","robots":{"index":"index","follow":"follow","max-snippet":"max-snippet:-1","max-image-preview":"max-image-preview:large","max-video-preview":"max-video-preview:-1"},"canonical":"https:\/\/tinte-toneri.hr\/en\/shop\/Bez kategorije\/printer-brother-mfcb7710dnyj1-a4-laser-mono-p-s-c-f-duplex-adf-lan-usb\/","og_locale":"en_US","og_type":"article","og_title":"Printer BROTHER MFCB7710DNYJ1, A4, laser mono, p\/s\/c\/f, Duplex, ADF, LAN, USB - TNT","og_description":"MFC-B7710DN kompaktni crno-bijeli laserski vi\u0161enamjenski ure\u0111aj 4-u-1 TonerBenefit Za u\u017eurbane ku\u0107ne i male urede koji trebaju funkcionalnost ispisa, kopiranja, skeniranja i faksa. Ispi\u0161ite do 2.000 stranica pomo\u0107u ekskluzivnog vi\u0161enamjenskog ure\u0111aja MFC-B7710DN i jednog samog tonera.","og_url":"https:\/\/tinte-toneri.hr\/en\/shop\/Bez kategorije\/printer-brother-mfcb7710dnyj1-a4-laser-mono-p-s-c-f-duplex-adf-lan-usb\/","og_site_name":"TNT","article_modified_time":"2024-11-05T13:46:48+00:00","og_image":[{"width":400,"height":400,"url":"https:\/\/tinte-toneri.hr\/wp-content\/uploads\/2024\/11\/7710dn.jpg","type":"image\/jpeg"}],"twitter_card":"summary_large_image","schema":{"@context":"https:\/\/schema.org","@graph":[{"@type":"WebPage","@id":"https:\/\/tinte-toneri.hr\/shop\/Bez kategorije\/printer-brother-mfcb7710dnyj1-a4-laser-mono-p-s-c-f-duplex-adf-lan-usb\/","url":"https:\/\/tinte-toneri.hr\/shop\/Bez kategorije\/printer-brother-mfcb7710dnyj1-a4-laser-mono-p-s-c-f-duplex-adf-lan-usb\/","name":"Printer BROTHER MFCB7710DNYJ1, A4, laser mono, p\/s\/c\/f, Duplex, ADF, LAN, USB - TNT","isPartOf":{"@id":"https:\/\/tinte-toneri.hr\/#website"},"primaryImageOfPage":{"@id":"https:\/\/tinte-toneri.hr\/shop\/Bez kategorije\/printer-brother-mfcb7710dnyj1-a4-laser-mono-p-s-c-f-duplex-adf-lan-usb\/#primaryimage"},"image":{"@id":"https:\/\/tinte-toneri.hr\/shop\/Bez kategorije\/printer-brother-mfcb7710dnyj1-a4-laser-mono-p-s-c-f-duplex-adf-lan-usb\/#primaryimage"},"thumbnailUrl":"https:\/\/tinte-toneri.hr\/wp-content\/uploads\/2024\/11\/7710dn.jpg","datePublished":"2024-11-05T13:40:11+00:00","dateModified":"2024-11-05T13:46:48+00:00","breadcrumb":{"@id":"https:\/\/tinte-toneri.hr\/shop\/Bez kategorije\/printer-brother-mfcb7710dnyj1-a4-laser-mono-p-s-c-f-duplex-adf-lan-usb\/#breadcrumb"},"inLanguage":"en-US","potentialAction":[{"@type":"ReadAction","target":["https:\/\/tinte-toneri.hr\/shop\/Bez kategorije\/printer-brother-mfcb7710dnyj1-a4-laser-mono-p-s-c-f-duplex-adf-lan-usb\/"]}]},{"@type":"ImageObject","inLanguage":"en-US","@id":"https:\/\/tinte-toneri.hr\/shop\/Bez kategorije\/printer-brother-mfcb7710dnyj1-a4-laser-mono-p-s-c-f-duplex-adf-lan-usb\/#primaryimage","url":"https:\/\/tinte-toneri.hr\/wp-content\/uploads\/2024\/11\/7710dn.jpg","contentUrl":"https:\/\/tinte-toneri.hr\/wp-content\/uploads\/2024\/11\/7710dn.jpg","width":400,"height":400},{"@type":"BreadcrumbList","@id":"https:\/\/tinte-toneri.hr\/shop\/Bez kategorije\/printer-brother-mfcb7710dnyj1-a4-laser-mono-p-s-c-f-duplex-adf-lan-usb\/#breadcrumb","itemListElement":[{"@type":"ListItem","position":1,"name":"Po\u010detna stranica","item":"https:\/\/tinte-toneri.hr\/"},{"@type":"ListItem","position":2,"name":"Shop","item":"https:\/\/tinte-toneri.hr\/shop\/"},{"@type":"ListItem","position":3,"name":"Printer BROTHER MFCB7710DNYJ1, A4, laser mono, p\/s\/c\/f, Duplex, ADF, LAN, USB"}]},{"@type":"WebSite","@id":"https:\/\/tinte-toneri.hr\/#website","url":"https:\/\/tinte-toneri.hr\/","name":"TNT","description":"Tinte i toneri","publisher":{"@id":"https:\/\/tinte-toneri.hr\/#organization"},"potentialAction":[{"@type":"SearchAction","target":{"@type":"EntryPoint","urlTemplate":"https:\/\/tinte-toneri.hr\/?s={search_term_string}"},"query-input":{"@type":"PropertyValueSpecification","valueRequired":true,"valueName":"search_term_string"}}],"inLanguage":"en-US"},{"@type":"Organization","@id":"https:\/\/tinte-toneri.hr\/#organization","name":"TNT Global","url":"https:\/\/tinte-toneri.hr\/","logo":{"@type":"ImageObject","inLanguage":"en-US","@id":"https:\/\/tinte-toneri.hr\/#\/schema\/logo\/image\/","url":"https:\/\/tinte-toneri.hr\/wp-content\/uploads\/2023\/10\/cropped-Logo1-removebg.png","contentUrl":"https:\/\/tinte-toneri.hr\/wp-content\/uploads\/2023\/10\/cropped-Logo1-removebg.png","width":2124,"height":2129,"caption":"TNT Global"},"image":{"@id":"https:\/\/tinte-toneri.hr\/#\/schema\/logo\/image\/"}}]}},"jetpack_sharing_enabled":true,"_links":{"self":[{"href":"https:\/\/tinte-toneri.hr\/en\/wp-json\/wp\/v2\/product\/7264","targetHints":{"allow":["GET"]}}],"collection":[{"href":"https:\/\/tinte-toneri.hr\/en\/wp-json\/wp\/v2\/product"}],"about":[{"href":"https:\/\/tinte-toneri.hr\/en\/wp-json\/wp\/v2\/types\/product"}],"replies":[{"embeddable":true,"href":"https:\/\/tinte-toneri.hr\/en\/wp-json\/wp\/v2\/comments?post=7264"}],"wp:featuredmedia":[{"embeddable":true,"href":"https:\/\/tinte-toneri.hr\/en\/wp-json\/wp\/v2\/media\/7266"}],"wp:attachment":[{"href":"https:\/\/tinte-toneri.hr\/en\/wp-json\/wp\/v2\/media?parent=7264"}],"wp:term":[{"taxonomy":"product_brand","embeddable":true,"href":"https:\/\/tinte-toneri.hr\/en\/wp-json\/wp\/v2\/product_brand?post=7264"},{"taxonomy":"product_cat","embeddable":true,"href":"https:\/\/tinte-toneri.hr\/en\/wp-json\/wp\/v2\/product_cat?post=7264"},{"taxonomy":"product_tag","embeddable":true,"href":"https:\/\/tinte-toneri.hr\/en\/wp-json\/wp\/v2\/product_tag?post=7264"}],"curies":[{"name":"wp","href":"https:\/\/api.w.org\/{rel}","templated":true}]}}